{"id":32,"date":"2024-06-22T22:48:44","date_gmt":"2024-06-22T20:48:44","guid":{"rendered":"http:\/\/127.0.0.1\/ergotherapie-kortenhorn\/?page_id=32"},"modified":"2024-07-02T07:34:38","modified_gmt":"2024-07-02T05:34:38","slug":"index","status":"publish","type":"page","link":"https:\/\/ergotherapie-kortenhorn.de\/","title":{"rendered":"Startseite"},"content":{"rendered":"\n<h1 class=\"wp-block-heading has-text-align-center\" id=\"wilkommen\" style=\"font-size:65px\"><strong>Herzlich Willkommen in Ihrer Praxis f\u00fcr Ergotherapie!<\/strong><\/h1>\n\n\n\n<div style=\"height:25px\" aria-hidden=\"true\" class=\"wp-block-spacer\"><\/div>\n\n\n\n<p><a href=\"https:\/\/ergotherapie-kortenhorn.de\/wp-admin\/edit.php?post_type=page\"><\/a><a href=\"https:\/\/ergotherapie-kortenhorn.de\/\" target=\"_blank\" rel=\"noreferrer noopener\"><\/a><\/p>\n\n\n\n<p class=\"has-text-align-center\" style=\"font-size:32px;letter-spacing:0px\">Es ist sch\u00f6n, dass sie den Weg zu uns gefunden haben. In unserer Praxis stehen Sie und ihre individuellen Bed\u00fcrfnisse im Mittelpunkt. Unser Ziel ist es, Ihnen durch gezielte therapeutische Ma\u00dfnahmen zu helfen, ihre Lebensqualit\u00e4t zu verbessern und ihre Selbstst\u00e4ndigkeit im Alltag zu f\u00f6rdern.<br>Ob Rehabilitation nach Verletzungen, Unterst\u00fctzung bei chronischen Erkrankungen oder F\u00f6rderung der motorischen und kognitiven F\u00e4higkeiten \u2013 unser Team steht ihnen mit Rat und Tat zur Seite. Gemeinsam entwickeln wir einen auf Sie angepassten Therapieplan, der exakt auf ihre pers\u00f6nlichen Ziele und Herausforderungen abgestimmt ist.<\/p>\n\n\n\n<p class=\"has-text-align-center\" style=\"font-size:32px\">Wir laden Sie ein, sich auf unserer Webseite umzuschauen. Erfahren Sie mehr \u00fcber unser Leistungsangebot oder unsere Praxis. Wenn Sie fragen haben oder einen Termin vereinbaren m\u00f6chten, z\u00f6gern Sie nicht uns zu <a href=\"#kontakt\">kontaktieren<\/a>. <\/p>\n\n\n\n<p class=\"has-text-align-center\" style=\"font-size:30px\">Wir freuen uns, Sie auf ihrem Weg begleiten und unterst\u00fctzen zu d\u00fcrfen!<br><strong>\u00dcbrigens<\/strong>: unsere Praxis ist barrierefrei und verf\u00fcgt \u00fcber eigene Parkpl\u00e4tze.<\/p>\n\n\n\n<div style=\"height:25px\" aria-hidden=\"true\" class=\"wp-block-spacer\"><\/div>\n\n\n\n<p class=\"has-text-align-center has-x-large-font-size\"><strong>Ihr Team der Praxis f\u00fcr Ergotherapie Kortenhorn.<\/strong><\/p>\n\n\n\n<div style=\"height:75px\" aria-hidden=\"true\" class=\"wp-block-spacer\"><\/div>\n\n\n\n<h1 class=\"wp-block-heading has-text-align-center\" id=\"anfahrt\"><strong>Hier finden Sie uns:<\/strong><\/h1>\n\n\n\n<div style=\"height:100px\" aria-hidden=\"true\" class=\"wp-block-spacer\"><\/div>\n\n\n\n<div class=\"wp-block-columns is-layout-flex wp-container-core-columns-is-layout-9d6595d7 wp-block-columns-is-layout-flex\">\n<div class=\"wp-block-column is-vertically-aligned-center is-layout-flow wp-block-column-is-layout-flow\" style=\"flex-basis:100%\">\n<div class=\"wp-block-group wp-container-content-9cfa9a5a is-vertical is-content-justification-center is-layout-flex wp-container-core-group-is-layout-48c2c4f0 wp-block-group-is-layout-flex\">\n<p class=\"has-text-align-left has-medium-font-size\"><strong>Ergotherapie Kortenhorn<br>Kettelerstr. 23,\u00a0<br>46286 Dorsten-Lembeck,<br><br>Tel: 02369-984121<br>Mail: T.Kortenhorn@gmx.de<\/strong><\/p>\n\n\n\n<p class=\"has-text-align-left has-small-font-size\"><\/p>\n\n\n\n<div style=\"height:0px\" aria-hidden=\"true\" class=\"wp-block-spacer wp-container-content-541a6b20\"><\/div>\n<\/div>\n<\/div>\n\n\n\n<div class=\"wp-block-column is-layout-flow wp-block-column-is-layout-flow\" style=\"flex-basis:100%\">\t\t<div id=\"wpmapblock_5fd64966\" data-settings='{&quot;map_marker&quot;:[{&quot;id&quot;:&quot;0&quot;,&quot;lat&quot;:&quot;51.755880503126&quot;,&quot;lng&quot;:&quot;7.0039987564087&quot;,&quot;title&quot;:&quot;Ergotherapie-Kortenhorn&quot;,&quot;content&quot;:&quot;Kettelerstr. 23, \\n46286 Dorsten-Lembeck,\\n\\nTel: 02369-984121\\nMail: T.Kortenhorn@gmx.de&quot;,&quot;iconType&quot;:&quot;default&quot;,&quot;customIconUrl&quot;:&quot;&quot;,&quot;customIconWidth&quot;:&quot;25&quot;,&quot;customIconHeight&quot;:&quot;40&quot;}],&quot;map_zoom&quot;:&quot;15&quot;,&quot;scroll_wheel_zoom&quot;:false,&quot;map_type&quot;:&quot;OSM&quot;,&quot;center_index&quot;:0}' class=\"wpmapblockrender\" style=\"\n\t\t\twidth: 100%;\n\t\t\theight: 750px;\n\t\t\"><\/div>\n        <\/div>\n<\/div>\n\n\n\n<div style=\"height:100px\" aria-hidden=\"true\" class=\"wp-block-spacer\"><\/div>\n\n\n\n<h1 class=\"wp-block-heading has-text-align-center\" id=\"angebot\"><strong>Leistungsangebot<\/strong><\/h1>\n\n\n\n<div style=\"height:175px\" aria-hidden=\"true\" class=\"wp-block-spacer\"><\/div>\n\n\n\n<details class=\"wp-block-details has-x-large-font-size is-layout-flow wp-block-details-is-layout-flow\"><summary>Kinder &amp; Jugendliche<\/summary>\n<div style=\"height:20px\" aria-hidden=\"true\" class=\"wp-block-spacer\"><\/div>\n\n\n\n<h2 class=\"wp-block-heading\">Entwicklungsf\u00f6rderung<\/h2>\n\n\n\n<p>Unterst\u00fctzung bei Entwicklungsverz\u00f6gerungen, Konzentrations- und Lernschwierigkeiten.<\/p>\n\n\n\n<div style=\"height:20px\" aria-hidden=\"true\" class=\"wp-block-spacer\"><\/div>\n\n\n\n<h2 class=\"wp-block-heading\">Motoriktraining<\/h2>\n\n\n\n<p>F\u00f6rderung der Fein- und Grobmotorik durch unter anderem spielerische \u00dcbungen.<\/p>\n\n\n\n<div style=\"height:20px\" aria-hidden=\"true\" class=\"wp-block-spacer\"><\/div>\n\n\n\n<h2 class=\"wp-block-heading\">Sensorische Integration<\/h2>\n\n\n\n<p>Verbesserung der Wahrnehmungsverarbeitung<\/p>\n<\/details>\n\n\n\n<div style=\"height:100px\" aria-hidden=\"true\" class=\"wp-block-spacer\"><\/div>\n\n\n\n<details class=\"wp-block-details has-x-large-font-size is-layout-flow wp-block-details-is-layout-flow\"><summary>Erwachsene<\/summary>\n<div style=\"height:20px\" aria-hidden=\"true\" class=\"wp-block-spacer\"><\/div>\n\n\n\n<h2 class=\"wp-block-heading\">Orthop\u00e4dische Therapie<\/h2>\n\n\n\n<p>Behandlung von Erkrankungen des Bewegungsapparates wie Arthrose, Rheuma und traumatischen Verletzungen.<\/p>\n\n\n\n<div style=\"height:20px\" aria-hidden=\"true\" class=\"wp-block-spacer\"><\/div>\n\n\n\n<h2 class=\"wp-block-heading\">Neurologische Rehabilitation<\/h2>\n\n\n\n<p>Unterst\u00fctzung nach Schlaganf\u00e4llen, bei Multiple Sklerose und Parkinson.<\/p>\n\n\n\n<div style=\"height:20px\" aria-hidden=\"true\" class=\"wp-block-spacer\"><\/div>\n\n\n\n<h2 class=\"wp-block-heading\">Handtherapie<\/h2>\n\n\n\n<p>Spezialisierte Therapie bei Handverletzungen und Erkrankungen wie z.B. Karpaltunnelsyndrom, Sehnenscheidenentz\u00fcndung oder Tennisarm.<\/p>\n<\/details>\n\n\n\n<div style=\"height:100px\" aria-hidden=\"true\" class=\"wp-block-spacer\"><\/div>\n\n\n\n<details class=\"wp-block-details has-x-large-font-size is-layout-flow wp-block-details-is-layout-flow\"><summary>Senioren<\/summary>\n<div style=\"height:20px\" aria-hidden=\"true\" class=\"wp-block-spacer\"><\/div>\n\n\n\n<h2 class=\"wp-block-heading\">Geriartrische Therapie<\/h2>\n\n\n\n<p>Behandlung von altersbedingten Beschwerden wie Demenz oder Sturzpr\u00e4vention.<\/p>\n\n\n\n<div style=\"height:20px\" aria-hidden=\"true\" class=\"wp-block-spacer\"><\/div>\n\n\n\n<h2 class=\"wp-block-heading\">Ged\u00e4chtnistraining<\/h2>\n\n\n\n<p>F\u00f6rderung der kognitiven F\u00e4higkeiten zur Erhaltung der geistigen Leistungsf\u00e4higkeit.<\/p>\n\n\n\n<div style=\"height:20px\" aria-hidden=\"true\" class=\"wp-block-spacer\"><\/div>\n\n\n\n<h2 class=\"wp-block-heading\">Alltagstraining<\/h2>\n\n\n\n<p>Unterst\u00fctzung bei der bew\u00e4ltigung t\u00e4glicher Aufgaben (wie z.B. Einkaufen oder Anziehen) zur Erhaltung der Selbstst\u00e4ndigkeit.<\/p>\n<\/details>\n\n\n\n<div style=\"height:100px\" aria-hidden=\"true\" class=\"wp-block-spacer\"><\/div>\n\n\n\n<details class=\"wp-block-details has-x-large-font-size is-layout-flow wp-block-details-is-layout-flow\"><summary>Psychisch-funktionelle Behandlung<\/summary>\n<div style=\"height:20px\" aria-hidden=\"true\" class=\"wp-block-spacer\"><\/div>\n\n\n\n<h2 class=\"wp-block-heading\">Alltagsstrukturierung <\/h2>\n\n\n\n<p>Unterst\u00fctzung bei der Organisation und Strukturierung des Tagesablaufs.<\/p>\n\n\n\n<div style=\"height:20px\" aria-hidden=\"true\" class=\"wp-block-spacer\"><\/div>\n\n\n\n<h2 class=\"wp-block-heading\">Kreativtherapie<\/h2>\n\n\n\n<p>Einsatz k\u00fcnstlerischer und handwerklicher Aktivit\u00e4ten mit verschiedenen Materialien (wie z.B. Ton, Holz oder Papier) zur F\u00f6rderung der emotionalen Stabilit\u00e4t.<\/p>\n\n\n\n<div style=\"height:20px\" aria-hidden=\"true\" class=\"wp-block-spacer\"><\/div>\n\n\n\n<h2 class=\"wp-block-heading\">Sozialkompetenztraining<\/h2>\n\n\n\n<p>Verbesserung der sozialen Kompetenzen und Kommunikationsf\u00e4higkeit.<\/p>\n<\/details>\n\n\n\n<div style=\"height:100px\" aria-hidden=\"true\" class=\"wp-block-spacer\"><\/div>\n\n\n\n<details class=\"wp-block-details has-x-large-font-size is-layout-flow wp-block-details-is-layout-flow\"><summary>Beratung und Hilfsmittelversorgung<\/summary>\n<div style=\"height:20px\" aria-hidden=\"true\" class=\"wp-block-spacer\"><\/div>\n\n\n\n<h2 class=\"wp-block-heading\">Hilfsmittelberatung<\/h2>\n\n\n\n<p>Auswahl und Anpassung von Hilfsmitteln wie Gehhilfen, Rollst\u00fchlen, Schienen und Orthesen oder anderen  Alltagshilfen.<\/p>\n\n\n\n<div style=\"height:20px\" aria-hidden=\"true\" class=\"wp-block-spacer\"><\/div>\n\n\n\n<h2 class=\"wp-block-heading\">Wohnraumanpassung<\/h2>\n\n\n\n<p>Beratung zur Anpassung des Wohnraums, um eine barierrereie und sichere Umgebung zu schaffen.<\/p>\n\n\n\n<div style=\"height:20px\" aria-hidden=\"true\" class=\"wp-block-spacer\"><\/div>\n<\/details>\n\n\n\n<div style=\"height:175px\" aria-hidden=\"true\" class=\"wp-block-spacer\"><\/div>\n\n\n\n<h1 class=\"wp-block-heading has-text-align-center\" id=\"kontakt\"><strong>Kontaktformular<\/strong><\/h1>\n\n\n\n<div style=\"height:50px\" aria-hidden=\"true\" class=\"wp-block-spacer\"><\/div>\n\n\n<style id=\"wpforms-css-vars-root\">\n\t\t\t\t:root {\n\t\t\t\t\t--wpforms-field-border-radius: 3px;\n--wpforms-field-border-style: solid;\n--wpforms-field-border-size: 1px;\n--wpforms-field-background-color: #ffffff;\n--wpforms-field-border-color: rgba( 0, 0, 0, 0.25 );\n--wpforms-field-border-color-spare: rgba( 0, 0, 0, 0.25 );\n--wpforms-field-text-color: rgba( 0, 0, 0, 0.7 );\n--wpforms-field-menu-color: #ffffff;\n--wpforms-label-color: rgba( 0, 0, 0, 0.85 );\n--wpforms-label-sublabel-color: rgba( 0, 0, 0, 0.55 );\n--wpforms-label-error-color: #d63637;\n--wpforms-button-border-radius: 3px;\n--wpforms-button-border-style: none;\n--wpforms-button-border-size: 1px;\n--wpforms-button-background-color: #066aab;\n--wpforms-button-border-color: #066aab;\n--wpforms-button-text-color: #ffffff;\n--wpforms-page-break-color: #066aab;\n--wpforms-background-image: none;\n--wpforms-background-position: center center;\n--wpforms-background-repeat: no-repeat;\n--wpforms-background-size: cover;\n--wpforms-background-width: 100px;\n--wpforms-background-height: 100px;\n--wpforms-background-color: rgba( 0, 0, 0, 0 );\n--wpforms-background-url: none;\n--wpforms-container-padding: 0px;\n--wpforms-container-border-style: none;\n--wpforms-container-border-width: 1px;\n--wpforms-container-border-color: #000000;\n--wpforms-container-border-radius: 3px;\n--wpforms-field-size-input-height: 43px;\n--wpforms-field-size-input-spacing: 15px;\n--wpforms-field-size-font-size: 16px;\n--wpforms-field-size-line-height: 19px;\n--wpforms-field-size-padding-h: 14px;\n--wpforms-field-size-checkbox-size: 16px;\n--wpforms-field-size-sublabel-spacing: 5px;\n--wpforms-field-size-icon-size: 1;\n--wpforms-label-size-font-size: 16px;\n--wpforms-label-size-line-height: 19px;\n--wpforms-label-size-sublabel-font-size: 14px;\n--wpforms-label-size-sublabel-line-height: 17px;\n--wpforms-button-size-font-size: 17px;\n--wpforms-button-size-height: 41px;\n--wpforms-button-size-padding-h: 15px;\n--wpforms-button-size-margin-top: 10px;\n--wpforms-container-shadow-size-box-shadow: none;\n\n\t\t\t\t}\n\t\t\t<\/style><style id=\"wpforms-css-vars-50-block-1467424a-adeb-4b90-b88b-acd11a7e2ccf\">\n\t\t\t\t#wpforms-50.wpforms-block-1467424a-adeb-4b90-b88b-acd11a7e2ccf {\n\t\t\t\t\t--wpforms-field-size-input-height: 43px;\n--wpforms-field-size-input-spacing: 15px;\n--wpforms-field-size-font-size: 16px;\n--wpforms-field-size-line-height: 19px;\n--wpforms-field-size-padding-h: 14px;\n--wpforms-field-size-checkbox-size: 16px;\n--wpforms-field-size-sublabel-spacing: 5px;\n--wpforms-field-size-icon-size: 1;\n--wpforms-label-size-font-size: 18px;\n--wpforms-label-size-line-height: 21px;\n--wpforms-label-size-sublabel-font-size: 16px;\n--wpforms-label-size-sublabel-line-height: 19px;\n--wpforms-button-size-font-size: 20px;\n--wpforms-button-size-height: 48px;\n--wpforms-button-size-padding-h: 20px;\n--wpforms-button-size-margin-top: 15px;\n\n\t\t\t\t}\n\t\t\t<\/style><div class=\"wpforms-container wpforms-container-full wpforms-block wpforms-block-1467424a-adeb-4b90-b88b-acd11a7e2ccf wpforms-render-modern\" id=\"wpforms-50\"><form id=\"wpforms-form-50\" class=\"wpforms-validate wpforms-form wpforms-ajax-form\" data-formid=\"50\" method=\"post\" enctype=\"multipart\/form-data\" action=\"\/index.php?rest_route=%2Fwp%2Fv2%2Fpages%2F32\" data-token=\"4a15600ca8b7d2df58831e075139cbf0\" data-token-time=\"1778123550\"><noscript class=\"wpforms-error-noscript\">Bitte aktiviere JavaScript in deinem Browser, um dieses Formular fertigzustellen.<\/noscript><div class=\"wpforms-hidden\" id=\"wpforms-error-noscript\">Bitte aktiviere JavaScript in deinem Browser, um dieses Formular fertigzustellen.<\/div><div class=\"wpforms-field-container\"><div id=\"wpforms-50-field_5-container\" class=\"wpforms-field wpforms-field-radio wpforms-list-2-columns\" data-field-id=\"5\"><fieldset><legend class=\"wpforms-field-label\">Anrede<\/legend><ul id=\"wpforms-50-field_5\"><li class=\"choice-1 depth-1\"><input type=\"radio\" id=\"wpforms-50-field_5_1\" name=\"wpforms[fields][5]\" value=\"Herr\" aria-errormessage=\"wpforms-50-field_5_1-error\"  ><label class=\"wpforms-field-label-inline\" for=\"wpforms-50-field_5_1\">Herr<\/label><\/li><li class=\"choice-2 depth-1\"><input type=\"radio\" id=\"wpforms-50-field_5_2\" name=\"wpforms[fields][5]\" value=\"Frau\" aria-errormessage=\"wpforms-50-field_5_2-error\"  ><label class=\"wpforms-field-label-inline\" for=\"wpforms-50-field_5_2\">Frau<\/label><\/li><\/ul><\/fieldset><\/div><div id=\"wpforms-50-field_0-container\" class=\"wpforms-field wpforms-field-name\" data-field-id=\"0\"><label class=\"wpforms-field-label\" for=\"wpforms-50-field_0\">Name <span class=\"wpforms-required-label\" aria-hidden=\"true\">*<\/span><\/label><input type=\"text\" id=\"wpforms-50-field_0\" class=\"wpforms-field-medium wpforms-field-required\" name=\"wpforms[fields][0]\" aria-errormessage=\"wpforms-50-field_0-error\" required><\/div><div id=\"wpforms-50-field_4-container\" class=\"wpforms-field wpforms-field-select wpforms-field-select-style-classic\" data-field-id=\"4\"><label class=\"wpforms-field-label\" for=\"wpforms-50-field_4\">Anliegen <span class=\"wpforms-required-label\" aria-hidden=\"true\">*<\/span><\/label><select id=\"wpforms-50-field_4\" class=\"wpforms-field-medium wpforms-field-required\" name=\"wpforms[fields][4]\" required=\"required\"><option value=\"Terminanfrage\" >Terminanfrage<\/option><option value=\"Bewerbung\" >Bewerbung<\/option><option value=\"Sonstiges\" >Sonstiges<\/option><\/select><\/div><div id=\"wpforms-50-field_1-container\" class=\"wpforms-field wpforms-field-email\" data-field-id=\"1\"><label class=\"wpforms-field-label\" for=\"wpforms-50-field_1\">E-Mail-Adresse <span class=\"wpforms-required-label\" aria-hidden=\"true\">*<\/span><\/label><input type=\"email\" id=\"wpforms-50-field_1\" class=\"wpforms-field-medium wpforms-field-required\" name=\"wpforms[fields][1]\" spellcheck=\"false\" aria-errormessage=\"wpforms-50-field_1-error\" required><\/div><div id=\"wpforms-50-field_3-container\" class=\"wpforms-field wpforms-field-number\" data-field-id=\"3\"><label class=\"wpforms-field-label\" for=\"wpforms-50-field_3\">Telefonnummer <span class=\"wpforms-required-label\" aria-hidden=\"true\">*<\/span><\/label><input type=\"number\" id=\"wpforms-50-field_3\" class=\"wpforms-field-medium wpforms-field-required\" name=\"wpforms[fields][3]\" aria-errormessage=\"wpforms-50-field_3-error\" required><\/div><div id=\"wpforms-50-field_2-container\" class=\"wpforms-field wpforms-field-textarea\" data-field-id=\"2\"><label class=\"wpforms-field-label\" for=\"wpforms-50-field_2\">Kommentar oder Nachricht<\/label><textarea id=\"wpforms-50-field_2\" class=\"wpforms-field-medium\" name=\"wpforms[fields][2]\" aria-errormessage=\"wpforms-50-field_2-error\" ><\/textarea><\/div><\/div><!-- .wpforms-field-container --><div class=\"wpforms-submit-container\" ><input type=\"hidden\" name=\"wpforms[id]\" value=\"50\"><input type=\"hidden\" name=\"page_title\" value=\"\"><input type=\"hidden\" name=\"page_url\" value=\"https:\/\/ergotherapie-kortenhorn.de\/index.php?rest_route=%2Fwp%2Fv2%2Fpages%2F32\"><button type=\"submit\" name=\"wpforms[submit]\" id=\"wpforms-submit-50\" class=\"wpforms-submit\" data-alt-text=\"Wird gesendet\u00a0\u2026\" data-submit-text=\"Absenden\" aria-live=\"assertive\" value=\"wpforms-submit\">Absenden<\/button><img loading=\"lazy\" decoding=\"async\" src=\"https:\/\/ergotherapie-kortenhorn.de\/wp-content\/plugins\/wpforms-lite\/assets\/images\/submit-spin.svg\" class=\"wpforms-submit-spinner\" style=\"display: none;\" width=\"26\" height=\"26\" alt=\"Wird geladen\"><\/div><\/form><\/div>  <!-- .wpforms-container -->\n\n\n<div style=\"height:175px\" aria-hidden=\"true\" class=\"wp-block-spacer\"><\/div>\n\n\n\n<h3 class=\"wp-block-heading has-text-align-center has-x-large-font-size\" id=\"impressum\">DATENSCHUTZERKL\u00c4RUNG<\/h3>\n\n\n\n<p class=\"has-text-align-center has-large-font-size\">Verantwortliche Stelle im Sinne der Datenschutzgesetze, insbesondere der EU-Datenschutzgrundverordnung (DSGVO), ist:<\/p>\n\n\n\n<p class=\"has-text-align-center has-large-font-size\">Ergotherapie-Kortenhorn, Tim Kortenhorn<br>Kettelerstra\u00dfe 23, 46286 Dorsten<br>02369-984121<\/p>\n\n\n\n<p class=\"has-text-align-center has-large-font-size\"><a href=\"https:\/\/www.ergotherapie-muenchen.de\/\" target=\"_blank\" rel=\"noreferrer noopener\">www.ergotherapie-<\/a><a href=\"http:\/\/www.ergotherapie-kortenhorn.de\" target=\"_blank\" rel=\"noreferrer noopener\">kortenhorn<\/a><a href=\"https:\/\/www.ergotherapie-muenchen.de\/\" target=\"_blank\" rel=\"noreferrer noopener\">.de<\/a><\/p>\n\n\n\n<p class=\"has-text-align-center has-large-font-size\">Eine <a href=\"https:\/\/ergotherapie-kortenhorn.de\/impressum\/\">Impressum <\/a>finden Sie hier.<\/p>\n","protected":false},"excerpt":{"rendered":"<p>Herzlich Willkommen in Ihrer Praxis f\u00fcr Ergotherapie! Es ist sch\u00f6n, dass sie den Weg zu uns gefunden haben. In unserer Praxis stehen Sie und ihre individuellen Bed\u00fcrfnisse im Mittelpunkt. Unser Ziel ist es, Ihnen durch gezielte therapeutische Ma\u00dfnahmen zu helfen, ihre Lebensqualit\u00e4t zu verbessern und ihre Selbstst\u00e4ndigkeit im Alltag zu f\u00f6rdern.Ob Rehabilitation nach Verletzungen, Unterst\u00fctzung&hellip; <a href=\"https:\/\/ergotherapie-kortenhorn.de\/\" class=\"more-link\">Weiterlesen <span class=\"screen-reader-text\">Startseite<\/span><\/a><\/p>\n","protected":false},"author":1,"featured_media":0,"parent":0,"menu_order":0,"comment_status":"closed","ping_status":"closed","template":"","meta":{"footnotes":""},"class_list":["post-32","page","type-page","status-publish","hentry","without-featured-image"],"_links":{"self":[{"href":"https:\/\/ergotherapie-kortenhorn.de\/index.php?rest_route=\/wp\/v2\/pages\/32","targetHints":{"allow":["GET"]}}],"collection":[{"href":"https:\/\/ergotherapie-kortenhorn.de\/index.php?rest_route=\/wp\/v2\/pages"}],"about":[{"href":"https:\/\/ergotherapie-kortenhorn.de\/index.php?rest_route=\/wp\/v2\/types\/page"}],"author":[{"embeddable":true,"href":"https:\/\/ergotherapie-kortenhorn.de\/index.php?rest_route=\/wp\/v2\/users\/1"}],"replies":[{"embeddable":true,"href":"https:\/\/ergotherapie-kortenhorn.de\/index.php?rest_route=%2Fwp%2Fv2%2Fcomments&post=32"}],"version-history":[{"count":1,"href":"https:\/\/ergotherapie-kortenhorn.de\/index.php?rest_route=\/wp\/v2\/pages\/32\/revisions"}],"predecessor-version":[{"id":201,"href":"https:\/\/ergotherapie-kortenhorn.de\/index.php?rest_route=\/wp\/v2\/pages\/32\/revisions\/201"}],"wp:attachment":[{"href":"https:\/\/ergotherapie-kortenhorn.de\/index.php?rest_route=%2Fwp%2Fv2%2Fmedia&parent=32"}],"curies":[{"name":"wp","href":"https:\/\/api.w.org\/{rel}","templated":true}]}}